{"id":281,"date":"2025-07-21T08:47:01","date_gmt":"2025-07-21T06:47:01","guid":{"rendered":"https:\/\/nurtwin.com\/?page_id=281"},"modified":"2026-04-29T16:59:20","modified_gmt":"2026-04-29T14:59:20","slug":"aviso-legal","status":"publish","type":"page","link":"https:\/\/nurtwin.com\/es\/aviso-legal\/","title":{"rendered":"Aviso Legal"},"content":{"rendered":"<div>\n<div>\n<h2 style=\"text-align: center;\">AVISO LEGAL Y CONDICIONES DE USO DEL PORTAL<\/h2>\n<\/div>\n<div>\n<p style=\"text-align: left;\"><strong>Con la finalidad de dar cumplimiento al art\u00edculo 10 de la Ley 34\/2002 de Servicios de la Sociedad de la Informaci\u00f3n y del Comercio Electr\u00f3nico, informamos a los usuarios de nuestros datos:<\/strong><\/p>\n<p style=\"text-align: left;\">Denominaci\u00f3n Social: <b>CESTINACONSULT, S.L.<\/b><\/p>\n<p style=\"text-align: left;\">Direcci\u00f3n: <b>C\/ Calabria 30, 08001, Barcelona<\/b><\/p>\n<p style=\"text-align: left;\">CIF: <b>B56881782<\/b><\/p>\n<p style=\"text-align: left;\">E-Mail: <b>Francesc@fitostock.com<\/b><\/p>\n<p style=\"text-align: left;\">Sitio Web: <b>https:\/\/nurtwin.com\/<\/b><\/p>\n<\/div>\n<div>\n<h3 style=\"text-align: left;\"><b>1.- OBJETO<\/b><\/h3>\n<p style=\"text-align: left;\"><b>CESTINACONSULT, S.L.<\/b> (en adelante tambi\u00e9n el prestador) como responsable del sitio web, pone a disposici\u00f3n de los usuarios el presente documento, que regula el uso del sitio web <b>https:\/\/nurtwin.com\/<\/b>, con el que pretendemos dar cumplimiento a las obligaciones que dispone la Ley 34\/2002, de Servicios de la Sociedad de la Informaci\u00f3n y del Comercio Electr\u00f3nico (LSSICE o LSSI), as\u00ed como informar a todos los usuarios del sitio web respecto a cu\u00e1les son las condiciones de uso del sitio web.<\/p>\n<p style=\"text-align: left;\">A trav\u00e9s de la Web, <b>CESTINACONSULT, S.L.<\/b> facilita a los usuarios el acceso y utilizaci\u00f3n de diferentes servicios y contenidos puestos a disposici\u00f3n a trav\u00e9s del sitio web.<\/p>\n<p style=\"text-align: left;\">Toda persona que acceda a esta web asume el papel de usuario (en adelante el usuario), e implica la aceptaci\u00f3n plena y sin reservas de todas y cada una de las disposiciones incluidas en este aviso legal, as\u00ed como cualesquiera otras disposiciones legales que fueran de aplicaci\u00f3n.<\/p>\n<p style=\"text-align: left;\">Como usuarios, deben leer atentamente este Aviso Legal en cualquiera de las ocasiones en que entren en la web, pues este puede sufrir modificaciones ya que el prestador se reserva el derecho a modificar cualquier tipo de informaci\u00f3n que pudiera aparecer en la web, sin que exista obligaci\u00f3n de preavisar o poner en conocimiento de los usuarios dichas modificaciones, siendo suficiente su publicaci\u00f3n en el sitio web del prestador.<\/p>\n<\/div>\n<div>\n<h3 style=\"text-align: left;\"><b>2. CONDICIONES DE ACCESO Y USO DE LA WEB<\/b><\/h3>\n<h4 style=\"text-align: left;\"><b>2.1. Car\u00e1cter gratuito del acceso y uso de la web.<\/b><\/h4>\n<p style=\"text-align: left;\">La prestaci\u00f3n de los servicios por parte de <b>CESTINACONSULT, S.L.<\/b> tiene car\u00e1cter gratuito para todos los usuarios. No obstante, algunos de los servicios suministrados por el prestador o por terceros a trav\u00e9s de la web pueden estar sujetos al pago de un precio determinado.<\/p>\n<h4 style=\"text-align: left;\"><b>2.2. Registro de Usuario.<\/b><\/h4>\n<p style=\"text-align: left;\">Con car\u00e1cter general la prestaci\u00f3n de los servicios no exige la previa suscripci\u00f3n o registro de los usuarios. No obstante, <b>CESTINACONSULT, S.L.<\/b> condiciona el uso de algunos de los servicios a la previa cumplimentaci\u00f3n del correspondiente registro de usuario.<\/p>\n<h4 style=\"text-align: left;\"><b>2.3. Veracidad de la informaci\u00f3n.<\/b><\/h4>\n<p style=\"text-align: left;\">Toda la informaci\u00f3n que facilita el usuario debe ser veraz. A estos efectos, el usuario garantiza la autenticidad de los datos comunicados a trav\u00e9s de los formularios. Ser\u00e1 responsabilidad del usuario mantener toda la informaci\u00f3n facilitada a <b>CESTINACONSULT, S.L.<\/b> permanentemente actualizada.<\/p>\n<h4 style=\"text-align: left;\"><b>2.4. Menores de edad.<\/b><\/h4>\n<p style=\"text-align: left;\">Para el uso de los servicios, los menores de edad deber\u00e1n obtener siempre previamente el consentimiento de sus padres, tutores o representantes legales.<\/p>\n<h4 style=\"text-align: left;\"><b>2.5. Obligaci\u00f3n de hacer un uso correcto de la web.<\/b><\/h4>\n<p style=\"text-align: left;\">El usuario se compromete a utilizar la web de conformidad con la Ley, el presente Aviso Legal, la moral y las buenas costumbres.<\/p>\n<\/div>\n<div>\n<h3 style=\"text-align: left;\"><b>3.- EXCLUSI\u00d3N DE GARANT\u00cdAS Y RESPONSABILIDAD<\/b><\/h3>\n<p style=\"text-align: left;\">El prestador se exime de cualquier tipo de responsabilidad derivada de la informaci\u00f3n publicada en el sitio web, siempre que dicha informaci\u00f3n haya sido manipulada o introducida por un tercero ajeno.<\/p>\n<p style=\"text-align: left;\"><b>CESTINACONSULT, S.L.<\/b> no otorga ninguna garant\u00eda ni se hace responsable, en ning\u00fan caso, de los da\u00f1os y perjuicios derivados de la falta de disponibilidad, mantenimiento o funcionamiento de la web.<\/p>\n<h3 style=\"text-align: left;\"><b>4.- COOKIES<\/b><\/h3>\n<p style=\"text-align: left;\">El sitio web puede utilizar cookies para llevar a cabo determinadas funciones imprescindibles para el correcto funcionamiento y visualizaci\u00f3n del sitio.<\/p>\n<p style=\"text-align: left;\">Para m\u00e1s informaci\u00f3n, consulte nuestra <a href=\"https:\/\/nurtwin.com\/politica-de-cookies\/\">Pol\u00edtica de Cookies<\/a>.<\/p>\n<\/div>\n<div>\n<h3 style=\"text-align: left;\"><b>5.- ENLACES (LINKS)<\/b><\/h3>\n<p style=\"text-align: left;\">Desde el sitio web es posible que se redirija a contenidos de terceras webs. <b>CESTINACONSULT, S.L.<\/b> no asume ning\u00fan tipo de responsabilidad respecto a dichos contenidos externos.<\/p>\n<h3 style=\"text-align: left;\"><b>6.- PROTECCI\u00d3N DE DATOS PERSONALES<\/b><\/h3>\n<p style=\"text-align: left;\">El prestador est\u00e1 comprometido con el cumplimiento de la normativa de protecci\u00f3n de datos personales y garantiza el cumplimiento \u00edntegro de las obligaciones legales vigentes.<\/p>\n<p style=\"text-align: left;\">Para m\u00e1s informaci\u00f3n, consulte nuestra <a href=\"https:\/\/nurtwin.com\/politica-de-privadesa\/\">Pol\u00edtica de Privacidad<\/a>.<\/p>\n<\/div>\n<div>\n<h3 style=\"text-align: left;\"><b>7.- REDES SOCIALES<\/b><\/h3>\n<p style=\"text-align: left;\"><b>CESTINACONSULT, S.L.<\/b> puede estar presente en redes sociales. El tratamiento de los datos de los usuarios se regir\u00e1 por este apartado y por las pol\u00edticas propias de cada red social.<\/p>\n<h3 style=\"text-align: left;\"><b>8.- PROPIEDAD INTELECTUAL E INDUSTRIAL<\/b><\/h3>\n<p style=\"text-align: left;\">El sitio web, incluyendo dise\u00f1os, logotipos, textos, fotograf\u00edas y contenidos, son propiedad del prestador o dispone de las correspondientes autorizaciones de uso.<\/p>\n<p style=\"text-align: left;\">Para cualquier observaci\u00f3n sobre posibles incumplimientos, puede contactar en: <b>Francesc@fitostock.com<\/b><\/p>\n<\/div>\n<div>\n<h3 style=\"text-align: left;\"><b>9.- LEY APLICABLE Y JURISDICCI\u00d3N<\/b><\/h3>\n<p style=\"text-align: left;\">Para la resoluci\u00f3n de cualquier controversia relacionada con este sitio web ser\u00e1 de aplicaci\u00f3n la legislaci\u00f3n espa\u00f1ola, siendo competentes los Juzgados y Tribunales de Barcelona.<\/p>\n<\/div>\n<\/div>\n","protected":false},"excerpt":{"rendered":"<p>AVISO LEGAL Y CONDICIONES DE USO DEL PORTAL Con la  [&#8230;]<\/p>\n","protected":false},"author":1,"featured_media":0,"parent":0,"menu_order":0,"comment_status":"closed","ping_status":"closed","template":"","meta":{"footnotes":""},"class_list":["post-281","page","type-page","status-publish","hentry"],"yoast_head":"<!-- This site is optimized with the Yoast SEO plugin v27.5 - https:\/\/yoast.com\/product\/yoast-seo-wordpress\/ -->\n<title>Aviso Legal - Nurtwin<\/title>\n<meta name=\"robots\" content=\"index, follow, max-snippet:-1, max-image-preview:large, max-video-preview:-1\" \/>\n<link rel=\"canonical\" href=\"https:\/\/nurtwin.com\/es\/aviso-legal\/\" \/>\n<meta property=\"og:locale\" content=\"es_ES\" \/>\n<meta property=\"og:type\" content=\"article\" \/>\n<meta property=\"og:title\" content=\"Aviso Legal - Nurtwin\" \/>\n<meta property=\"og:description\" content=\"AVISO LEGAL Y CONDICIONES DE USO DEL PORTAL Con la [...]\" \/>\n<meta property=\"og:url\" content=\"https:\/\/nurtwin.com\/es\/aviso-legal\/\" \/>\n<meta property=\"og:site_name\" content=\"Nurtwin\" \/>\n<meta property=\"article:modified_time\" content=\"2026-04-29T14:59:20+00:00\" \/>\n<meta name=\"twitter:card\" content=\"summary_large_image\" \/>\n<script type=\"application\/ld+json\" class=\"yoast-schema-graph\">{\"@context\":\"https:\\\/\\\/schema.org\",\"@graph\":[{\"@type\":\"WebPage\",\"@id\":\"https:\\\/\\\/nurtwin.com\\\/es\\\/aviso-legal\\\/\",\"url\":\"https:\\\/\\\/nurtwin.com\\\/es\\\/aviso-legal\\\/\",\"name\":\"Aviso Legal - Nurtwin\",\"isPartOf\":{\"@id\":\"https:\\\/\\\/nurtwin.com\\\/es\\\/#website\"},\"datePublished\":\"2025-07-21T06:47:01+00:00\",\"dateModified\":\"2026-04-29T14:59:20+00:00\",\"breadcrumb\":{\"@id\":\"https:\\\/\\\/nurtwin.com\\\/es\\\/aviso-legal\\\/#breadcrumb\"},\"inLanguage\":\"es\",\"potentialAction\":[{\"@type\":\"ReadAction\",\"target\":[\"https:\\\/\\\/nurtwin.com\\\/es\\\/aviso-legal\\\/\"]}]},{\"@type\":\"BreadcrumbList\",\"@id\":\"https:\\\/\\\/nurtwin.com\\\/es\\\/aviso-legal\\\/#breadcrumb\",\"itemListElement\":[{\"@type\":\"ListItem\",\"position\":1,\"name\":\"Inici\",\"item\":\"https:\\\/\\\/nurtwin.com\\\/es\\\/\"},{\"@type\":\"ListItem\",\"position\":2,\"name\":\"Aviso Legal\"}]},{\"@type\":\"WebSite\",\"@id\":\"https:\\\/\\\/nurtwin.com\\\/es\\\/#website\",\"url\":\"https:\\\/\\\/nurtwin.com\\\/es\\\/\",\"name\":\"Nurtwin\",\"description\":\"Cosm\u00e8tica amb \u00e0nima\",\"potentialAction\":[{\"@type\":\"SearchAction\",\"target\":{\"@type\":\"EntryPoint\",\"urlTemplate\":\"https:\\\/\\\/nurtwin.com\\\/es\\\/?s={search_term_string}\"},\"query-input\":{\"@type\":\"PropertyValueSpecification\",\"valueRequired\":true,\"valueName\":\"search_term_string\"}}],\"inLanguage\":\"es\"}]}<\/script>\n<!-- \/ Yoast SEO plugin. -->","yoast_head_json":{"title":"Aviso Legal - Nurtwin","robots":{"index":"index","follow":"follow","max-snippet":"max-snippet:-1","max-image-preview":"max-image-preview:large","max-video-preview":"max-video-preview:-1"},"canonical":"https:\/\/nurtwin.com\/es\/aviso-legal\/","og_locale":"es_ES","og_type":"article","og_title":"Aviso Legal - Nurtwin","og_description":"AVISO LEGAL Y CONDICIONES DE USO DEL PORTAL Con la [...]","og_url":"https:\/\/nurtwin.com\/es\/aviso-legal\/","og_site_name":"Nurtwin","article_modified_time":"2026-04-29T14:59:20+00:00","twitter_card":"summary_large_image","schema":{"@context":"https:\/\/schema.org","@graph":[{"@type":"WebPage","@id":"https:\/\/nurtwin.com\/es\/aviso-legal\/","url":"https:\/\/nurtwin.com\/es\/aviso-legal\/","name":"Aviso Legal - Nurtwin","isPartOf":{"@id":"https:\/\/nurtwin.com\/es\/#website"},"datePublished":"2025-07-21T06:47:01+00:00","dateModified":"2026-04-29T14:59:20+00:00","breadcrumb":{"@id":"https:\/\/nurtwin.com\/es\/aviso-legal\/#breadcrumb"},"inLanguage":"es","potentialAction":[{"@type":"ReadAction","target":["https:\/\/nurtwin.com\/es\/aviso-legal\/"]}]},{"@type":"BreadcrumbList","@id":"https:\/\/nurtwin.com\/es\/aviso-legal\/#breadcrumb","itemListElement":[{"@type":"ListItem","position":1,"name":"Inici","item":"https:\/\/nurtwin.com\/es\/"},{"@type":"ListItem","position":2,"name":"Aviso Legal"}]},{"@type":"WebSite","@id":"https:\/\/nurtwin.com\/es\/#website","url":"https:\/\/nurtwin.com\/es\/","name":"Nurtwin","description":"Cosm\u00e8tica amb \u00e0nima","potentialAction":[{"@type":"SearchAction","target":{"@type":"EntryPoint","urlTemplate":"https:\/\/nurtwin.com\/es\/?s={search_term_string}"},"query-input":{"@type":"PropertyValueSpecification","valueRequired":true,"valueName":"search_term_string"}}],"inLanguage":"es"}]}},"_links":{"self":[{"href":"https:\/\/nurtwin.com\/es\/wp-json\/wp\/v2\/pages\/281","targetHints":{"allow":["GET"]}}],"collection":[{"href":"https:\/\/nurtwin.com\/es\/wp-json\/wp\/v2\/pages"}],"about":[{"href":"https:\/\/nurtwin.com\/es\/wp-json\/wp\/v2\/types\/page"}],"author":[{"embeddable":true,"href":"https:\/\/nurtwin.com\/es\/wp-json\/wp\/v2\/users\/1"}],"replies":[{"embeddable":true,"href":"https:\/\/nurtwin.com\/es\/wp-json\/wp\/v2\/comments?post=281"}],"version-history":[{"count":1,"href":"https:\/\/nurtwin.com\/es\/wp-json\/wp\/v2\/pages\/281\/revisions"}],"predecessor-version":[{"id":282,"href":"https:\/\/nurtwin.com\/es\/wp-json\/wp\/v2\/pages\/281\/revisions\/282"}],"wp:attachment":[{"href":"https:\/\/nurtwin.com\/es\/wp-json\/wp\/v2\/media?parent=281"}],"curies":[{"name":"wp","href":"https:\/\/api.w.org\/{rel}","templated":true}]}}