{"id":314,"date":"2025-07-17T11:35:22","date_gmt":"2025-07-17T09:35:22","guid":{"rendered":"https:\/\/nurtwin.com\/carrito\/"},"modified":"2026-04-29T17:18:06","modified_gmt":"2026-04-29T15:18:06","slug":"carrito","status":"publish","type":"page","link":"https:\/\/nurtwin.com\/es\/carrito\/","title":{"rendered":"Carrito"},"content":{"rendered":"\n<div data-block-name=\"woocommerce\/cart\" class=\"wp-block-woocommerce-cart alignwide is-loading\">\n<div data-block-name=\"woocommerce\/filled-cart-block\" class=\"wp-block-woocommerce-filled-cart-block\">\n<div data-block-name=\"woocommerce\/cart-items-block\" class=\"wp-block-woocommerce-cart-items-block\">\n<div data-block-name=\"woocommerce\/cart-line-items-block\" class=\"wp-block-woocommerce-cart-line-items-block\"><\/div>\n\n\n\n<div data-block-name=\"woocommerce\/cart-cross-sells-block\" class=\"wp-block-woocommerce-cart-cross-sells-block\">\n<h2 class=\"wp-block-heading has-large-font-size\">Quizas estas interesado en&#8230;<\/h2>\n\n\n\n<div data-block-name=\"woocommerce\/cart-cross-sells-products-block\" class=\"wp-block-woocommerce-cart-cross-sells-products-block\"><\/div>\n<\/div>\n<\/div>\n\n\n\n<div data-block-name=\"woocommerce\/cart-totals-block\" class=\"wp-block-woocommerce-cart-totals-block\">\n<div data-block-name=\"woocommerce\/cart-order-summary-block\" class=\"wp-block-woocommerce-cart-order-summary-block\">\n<div data-block-name=\"woocommerce\/cart-order-summary-heading-block\" class=\"wp-block-woocommerce-cart-order-summary-heading-block\"><\/div><div data-block-name=\"woocommerce\/cart-order-summary-coupon-form-block\" class=\"wp-block-woocommerce-cart-order-summary-coupon-form-block\"><\/div><div data-block-name=\"woocommerce\/cart-order-summary-totals-block\" class=\"wp-block-woocommerce-cart-order-summary-totals-block\">\n<div data-block-name=\"woocommerce\/cart-order-summary-subtotal-block\" class=\"wp-block-woocommerce-cart-order-summary-subtotal-block\"><\/div>\n<div data-block-name=\"woocommerce\/cart-order-summary-discount-block\" class=\"wp-block-woocommerce-cart-order-summary-discount-block\"><\/div>\n<div data-block-name=\"woocommerce\/cart-order-summary-fee-block\" class=\"wp-block-woocommerce-cart-order-summary-fee-block\"><\/div>\n<div data-block-name=\"woocommerce\/cart-order-summary-shipping-block\" class=\"wp-block-woocommerce-cart-order-summary-shipping-block\"><\/div>\n<div data-block-name=\"woocommerce\/cart-order-summary-taxes-block\" class=\"wp-block-woocommerce-cart-order-summary-taxes-block\"><\/div><\/div>\n<\/div>\n\n\n\n<div data-block-name=\"woocommerce\/cart-express-payment-block\" class=\"wp-block-woocommerce-cart-express-payment-block\"><\/div>\n\n\n\n<div data-block-name=\"woocommerce\/proceed-to-checkout-block\" class=\"wp-block-woocommerce-proceed-to-checkout-block\"><\/div>\n\n\n\n<div data-block-name=\"woocommerce\/cart-accepted-payment-methods-block\" class=\"wp-block-woocommerce-cart-accepted-payment-methods-block\"><\/div>\n<\/div>\n<\/div>\n\n\n\n<div data-block-name=\"woocommerce\/empty-cart-block\" class=\"wp-block-woocommerce-empty-cart-block\">\n<h2 class=\"wp-block-heading has-text-align-center with-empty-cart-icon wc-block-cart__empty-cart__title\">\u00a1Tu carrito esta vacio!<\/h2>\n\n\n\n<hr class=\"wp-block-separator has-alpha-channel-opacity is-style-dots\"\/>\n\n\n\n<h2 class=\"wp-block-heading has-text-align-center\">Nuevo en la tienda<\/h2>\n\n\n<div data-block-name=\"woocommerce\/product-new\" data-columns=\"4\" data-rows=\"1\" class=\"wc-block-grid wp-block-product-new wp-block-woocommerce-product-new wc-block-product-new has-4-columns\"><ul class=\"wc-block-grid__products\"><li class=\"wc-block-grid__product\">\n\t\t\t\t<a href=\"https:\/\/nurtwin.com\/producte\/gel-fred-cames-cansades-i-sensacio-de-inflor\/\" class=\"wc-block-grid__product-link\">\n\t\t\t\t\t\n\t\t\t\t\t<div class=\"wc-block-grid__product-image\"><img decoding=\"async\" width=\"181\" height=\"445\" src=\"https:\/\/nurtwin.com\/wp-content\/uploads\/2025\/07\/product_6_serum-corporal-energy.png\" class=\"attachment-woocommerce_thumbnail size-woocommerce_thumbnail\" alt=\"Gel fred cames cansades i sensaci\u00f3 de inflor\" srcset=\"https:\/\/nurtwin.com\/wp-content\/uploads\/2025\/07\/product_6_serum-corporal-energy-122x300.png 122w, https:\/\/nurtwin.com\/wp-content\/uploads\/2025\/07\/product_6_serum-corporal-energy.png 181w\" sizes=\"(max-width: 181px) 100vw, 181px\" \/><\/div>\n\t\t\t\t\t<div class=\"wc-block-grid__product-title\">Gel fred cames cansades i sensaci\u00f3 de inflor<\/div>\n\t\t\t\t<\/a>\n\t\t\t\t<div class=\"wc-block-grid__product-price price\"><span class=\"woocommerce-Price-amount amount\">29,95&nbsp;<span class=\"woocommerce-Price-currencySymbol\">&euro;<\/span><\/span><\/div>\n\t\t\t\t\n\t\t\t\t<div class=\"wp-block-button wc-block-grid__product-add-to-cart\"><a href=\"?add-to-cart=89\" aria-label=\"A\u00f1adir al carrito: &ldquo;Gel fred cames cansades i sensaci\u00f3 de inflor&rdquo;\" data-quantity=\"1\" data-product_id=\"89\" data-product_sku=\"\" data-price=\"29.95\" rel=\"nofollow\" class=\"wp-block-button__link  add_to_cart_button ajax_add_to_cart\">A\u00f1adir al carrito<\/a><\/div>\n\t\t\t<\/li><li class=\"wc-block-grid__product\">\n\t\t\t\t<a href=\"https:\/\/nurtwin.com\/producte\/mascareta-acid-salicilic-purificant\/\" class=\"wc-block-grid__product-link\">\n\t\t\t\t\t\n\t\t\t\t\t<div class=\"wc-block-grid__product-image\"><img decoding=\"async\" width=\"398\" height=\"392\" src=\"https:\/\/nurtwin.com\/wp-content\/uploads\/2026\/01\/product_5_mascarilla-acido-salicilico2.png\" class=\"attachment-woocommerce_thumbnail size-woocommerce_thumbnail\" alt=\"Mascareta \u00e0cid salic\u00edlic purificant\" srcset=\"https:\/\/nurtwin.com\/wp-content\/uploads\/2026\/01\/product_5_mascarilla-acido-salicilico2-66x66.png 66w, https:\/\/nurtwin.com\/wp-content\/uploads\/2026\/01\/product_5_mascarilla-acido-salicilico2-200x197.png 200w, https:\/\/nurtwin.com\/wp-content\/uploads\/2026\/01\/product_5_mascarilla-acido-salicilico2-300x295.png 300w, https:\/\/nurtwin.com\/wp-content\/uploads\/2026\/01\/product_5_mascarilla-acido-salicilico2.png 398w\" sizes=\"(max-width: 398px) 100vw, 398px\" \/><\/div>\n\t\t\t\t\t<div class=\"wc-block-grid__product-title\">Mascareta \u00e0cid salic\u00edlic purificant<\/div>\n\t\t\t\t<\/a>\n\t\t\t\t<div class=\"wc-block-grid__product-price price\"><span class=\"woocommerce-Price-amount amount\">14,95&nbsp;<span class=\"woocommerce-Price-currencySymbol\">&euro;<\/span><\/span><\/div>\n\t\t\t\t\n\t\t\t\t<div class=\"wp-block-button wc-block-grid__product-add-to-cart\"><a href=\"?add-to-cart=88\" aria-label=\"A\u00f1adir al carrito: &ldquo;Mascareta \u00e0cid salic\u00edlic purificant&rdquo;\" data-quantity=\"1\" data-product_id=\"88\" data-product_sku=\"\" data-price=\"14.95\" rel=\"nofollow\" class=\"wp-block-button__link  add_to_cart_button ajax_add_to_cart\">A\u00f1adir al carrito<\/a><\/div>\n\t\t\t<\/li><li class=\"wc-block-grid__product\">\n\t\t\t\t<a href=\"https:\/\/nurtwin.com\/producte\/netejador-amb-acid-salicilic-vegetal\/\" class=\"wc-block-grid__product-link\">\n\t\t\t\t\t\n\t\t\t\t\t<div class=\"wc-block-grid__product-image\"><img decoding=\"async\" width=\"132\" height=\"343\" src=\"https:\/\/nurtwin.com\/wp-content\/uploads\/2025\/07\/product_4_limpiador-acido-salicilico.png\" class=\"attachment-woocommerce_thumbnail size-woocommerce_thumbnail\" alt=\"Netejador amb \u00e0cid salic\u00edlic vegetal\" srcset=\"https:\/\/nurtwin.com\/wp-content\/uploads\/2025\/07\/product_4_limpiador-acido-salicilico-115x300.png 115w, https:\/\/nurtwin.com\/wp-content\/uploads\/2025\/07\/product_4_limpiador-acido-salicilico.png 132w\" sizes=\"(max-width: 132px) 100vw, 132px\" \/><\/div>\n\t\t\t\t\t<div class=\"wc-block-grid__product-title\">Netejador amb \u00e0cid salic\u00edlic vegetal<\/div>\n\t\t\t\t<\/a>\n\t\t\t\t<div class=\"wc-block-grid__product-price price\"><span class=\"woocommerce-Price-amount amount\">19,95&nbsp;<span class=\"woocommerce-Price-currencySymbol\">&euro;<\/span><\/span><\/div>\n\t\t\t\t\n\t\t\t\t<div class=\"wp-block-button wc-block-grid__product-add-to-cart\"><a href=\"?add-to-cart=87\" aria-label=\"A\u00f1adir al carrito: &ldquo;Netejador amb \u00e0cid salic\u00edlic vegetal&rdquo;\" data-quantity=\"1\" data-product_id=\"87\" data-product_sku=\"\" data-price=\"19.95\" rel=\"nofollow\" class=\"wp-block-button__link  add_to_cart_button ajax_add_to_cart\">A\u00f1adir al carrito<\/a><\/div>\n\t\t\t<\/li><li class=\"wc-block-grid__product\">\n\t\t\t\t<a href=\"https:\/\/nurtwin.com\/producte\/xampu-per-a-cabells-grassos\/\" class=\"wc-block-grid__product-link\">\n\t\t\t\t\t\n\t\t\t\t\t<div class=\"wc-block-grid__product-image\"><img decoding=\"async\" width=\"246\" height=\"518\" src=\"https:\/\/nurtwin.com\/wp-content\/uploads\/2025\/07\/product_3_champu-pelo-graso-natural.png\" class=\"attachment-woocommerce_thumbnail size-woocommerce_thumbnail\" alt=\"Xamp\u00fa per a cabells grassos\" srcset=\"https:\/\/nurtwin.com\/wp-content\/uploads\/2025\/07\/product_3_champu-pelo-graso-natural-142x300.png 142w, https:\/\/nurtwin.com\/wp-content\/uploads\/2025\/07\/product_3_champu-pelo-graso-natural-200x421.png 200w, https:\/\/nurtwin.com\/wp-content\/uploads\/2025\/07\/product_3_champu-pelo-graso-natural.png 246w\" sizes=\"(max-width: 246px) 100vw, 246px\" \/><\/div>\n\t\t\t\t\t<div class=\"wc-block-grid__product-title\">Xamp\u00fa per a cabells grassos<\/div>\n\t\t\t\t<\/a>\n\t\t\t\t<div class=\"wc-block-grid__product-price price\"><span class=\"woocommerce-Price-amount amount\">19,95&nbsp;<span class=\"woocommerce-Price-currencySymbol\">&euro;<\/span><\/span><\/div>\n\t\t\t\t\n\t\t\t\t<div class=\"wp-block-button wc-block-grid__product-add-to-cart\"><a href=\"?add-to-cart=86\" aria-label=\"A\u00f1adir al carrito: &ldquo;Xamp\u00fa per a cabells grassos&rdquo;\" data-quantity=\"1\" data-product_id=\"86\" data-product_sku=\"\" data-price=\"19.95\" rel=\"nofollow\" class=\"wp-block-button__link  add_to_cart_button ajax_add_to_cart\">A\u00f1adir al carrito<\/a><\/div>\n\t\t\t<\/li><\/ul><\/div><\/div>\n<\/div>\n","protected":false},"excerpt":{"rendered":"","protected":false},"author":1,"featured_media":0,"parent":0,"menu_order":0,"comment_status":"closed","ping_status":"closed","template":"","meta":{"footnotes":""},"class_list":["post-314","page","type-page","status-publish","hentry"],"yoast_head":"<!-- This site is optimized with the Yoast SEO plugin v27.5 - https:\/\/yoast.com\/product\/yoast-seo-wordpress\/ -->\n<title>Carrito - Nurtwin<\/title>\n<meta name=\"robots\" content=\"index, follow, max-snippet:-1, max-image-preview:large, max-video-preview:-1\" \/>\n<link rel=\"canonical\" href=\"https:\/\/nurtwin.com\/es\/carrito\/\" \/>\n<meta property=\"og:locale\" content=\"es_ES\" \/>\n<meta property=\"og:type\" content=\"article\" \/>\n<meta property=\"og:title\" content=\"Carrito - Nurtwin\" \/>\n<meta property=\"og:url\" content=\"https:\/\/nurtwin.com\/es\/carrito\/\" \/>\n<meta property=\"og:site_name\" content=\"Nurtwin\" \/>\n<meta property=\"article:modified_time\" content=\"2026-04-29T15:18:06+00:00\" \/>\n<meta name=\"twitter:card\" content=\"summary_large_image\" \/>\n<script type=\"application\/ld+json\" class=\"yoast-schema-graph\">{\"@context\":\"https:\\\/\\\/schema.org\",\"@graph\":[{\"@type\":\"WebPage\",\"@id\":\"https:\\\/\\\/nurtwin.com\\\/es\\\/carrito\\\/\",\"url\":\"https:\\\/\\\/nurtwin.com\\\/es\\\/carrito\\\/\",\"name\":\"Carrito - Nurtwin\",\"isPartOf\":{\"@id\":\"https:\\\/\\\/nurtwin.com\\\/es\\\/#website\"},\"datePublished\":\"2025-07-17T09:35:22+00:00\",\"dateModified\":\"2026-04-29T15:18:06+00:00\",\"breadcrumb\":{\"@id\":\"https:\\\/\\\/nurtwin.com\\\/es\\\/carrito\\\/#breadcrumb\"},\"inLanguage\":\"es\",\"potentialAction\":[{\"@type\":\"ReadAction\",\"target\":[\"https:\\\/\\\/nurtwin.com\\\/es\\\/carrito\\\/\"]}]},{\"@type\":\"BreadcrumbList\",\"@id\":\"https:\\\/\\\/nurtwin.com\\\/es\\\/carrito\\\/#breadcrumb\",\"itemListElement\":[{\"@type\":\"ListItem\",\"position\":1,\"name\":\"Inici\",\"item\":\"https:\\\/\\\/nurtwin.com\\\/es\\\/\"},{\"@type\":\"ListItem\",\"position\":2,\"name\":\"Carrito\"}]},{\"@type\":\"WebSite\",\"@id\":\"https:\\\/\\\/nurtwin.com\\\/es\\\/#website\",\"url\":\"https:\\\/\\\/nurtwin.com\\\/es\\\/\",\"name\":\"Nurtwin\",\"description\":\"Cosm\u00e8tica amb \u00e0nima\",\"potentialAction\":[{\"@type\":\"SearchAction\",\"target\":{\"@type\":\"EntryPoint\",\"urlTemplate\":\"https:\\\/\\\/nurtwin.com\\\/es\\\/?s={search_term_string}\"},\"query-input\":{\"@type\":\"PropertyValueSpecification\",\"valueRequired\":true,\"valueName\":\"search_term_string\"}}],\"inLanguage\":\"es\"}]}<\/script>\n<!-- \/ Yoast SEO plugin. -->","yoast_head_json":{"title":"Carrito - Nurtwin","robots":{"index":"index","follow":"follow","max-snippet":"max-snippet:-1","max-image-preview":"max-image-preview:large","max-video-preview":"max-video-preview:-1"},"canonical":"https:\/\/nurtwin.com\/es\/carrito\/","og_locale":"es_ES","og_type":"article","og_title":"Carrito - Nurtwin","og_url":"https:\/\/nurtwin.com\/es\/carrito\/","og_site_name":"Nurtwin","article_modified_time":"2026-04-29T15:18:06+00:00","twitter_card":"summary_large_image","schema":{"@context":"https:\/\/schema.org","@graph":[{"@type":"WebPage","@id":"https:\/\/nurtwin.com\/es\/carrito\/","url":"https:\/\/nurtwin.com\/es\/carrito\/","name":"Carrito - Nurtwin","isPartOf":{"@id":"https:\/\/nurtwin.com\/es\/#website"},"datePublished":"2025-07-17T09:35:22+00:00","dateModified":"2026-04-29T15:18:06+00:00","breadcrumb":{"@id":"https:\/\/nurtwin.com\/es\/carrito\/#breadcrumb"},"inLanguage":"es","potentialAction":[{"@type":"ReadAction","target":["https:\/\/nurtwin.com\/es\/carrito\/"]}]},{"@type":"BreadcrumbList","@id":"https:\/\/nurtwin.com\/es\/carrito\/#breadcrumb","itemListElement":[{"@type":"ListItem","position":1,"name":"Inici","item":"https:\/\/nurtwin.com\/es\/"},{"@type":"ListItem","position":2,"name":"Carrito"}]},{"@type":"WebSite","@id":"https:\/\/nurtwin.com\/es\/#website","url":"https:\/\/nurtwin.com\/es\/","name":"Nurtwin","description":"Cosm\u00e8tica amb \u00e0nima","potentialAction":[{"@type":"SearchAction","target":{"@type":"EntryPoint","urlTemplate":"https:\/\/nurtwin.com\/es\/?s={search_term_string}"},"query-input":{"@type":"PropertyValueSpecification","valueRequired":true,"valueName":"search_term_string"}}],"inLanguage":"es"}]}},"_links":{"self":[{"href":"https:\/\/nurtwin.com\/es\/wp-json\/wp\/v2\/pages\/314","targetHints":{"allow":["GET"]}}],"collection":[{"href":"https:\/\/nurtwin.com\/es\/wp-json\/wp\/v2\/pages"}],"about":[{"href":"https:\/\/nurtwin.com\/es\/wp-json\/wp\/v2\/types\/page"}],"author":[{"embeddable":true,"href":"https:\/\/nurtwin.com\/es\/wp-json\/wp\/v2\/users\/1"}],"replies":[{"embeddable":true,"href":"https:\/\/nurtwin.com\/es\/wp-json\/wp\/v2\/comments?post=314"}],"version-history":[{"count":1,"href":"https:\/\/nurtwin.com\/es\/wp-json\/wp\/v2\/pages\/314\/revisions"}],"predecessor-version":[{"id":315,"href":"https:\/\/nurtwin.com\/es\/wp-json\/wp\/v2\/pages\/314\/revisions\/315"}],"wp:attachment":[{"href":"https:\/\/nurtwin.com\/es\/wp-json\/wp\/v2\/media?parent=314"}],"curies":[{"name":"wp","href":"https:\/\/api.w.org\/{rel}","templated":true}]}}